{"id":1572,"date":"2019-01-06T09:50:52","date_gmt":"2019-01-06T09:50:52","guid":{"rendered":"https:\/\/quattro.true-emotions.studio\/home-3-copy\/"},"modified":"2023-05-30T07:02:10","modified_gmt":"2023-05-30T07:02:10","slug":"home-4","status":"publish","type":"page","link":"https:\/\/gparedes.gurumk.com\/?page_id=1572","title":{"rendered":"Volvo"},"content":{"rendered":"<section class=\"wpb-content-wrapper\"><p>[vc_row full_width=\u00bbstretch_row\u00bb pix_padding_top=\u00bbpadding M\u00bb pix_padding_bottom=\u00bbpadding M\u00bb ptextcolor=\u00bbBlack\u00bb gradient_colors=\u00bb%5B%7B%7D%5D\u00bb css=\u00bb.vc_custom_1681812632432{background-color: #f4f4f4 !important;}\u00bb][vc_column width=\u00bb1\/2&#8243;][vc_empty_space height=\u00bb60px\u00bb][common_title title=\u00bbModelo EX90&#8243; padding=\u00bboff\u00bb position=\u00bbtext-left\u00bb show_decor=\u00bboff\u00bb css=\u00bb.vc_custom_1683623168482{margin-right: 30px !important;margin-left: 30px !important;}\u00bb]El nuevo SUV Volvo EX90 totalmente el\u00e9ctrico de siete plazas<br \/>\nalcanza el nivel m\u00e1s alto de seguridad est\u00e1ndar de Volvo hasta la fecha.<br \/>\nAgradable y potente,\u00a0hace que cada trayecto sea algo memorable.<\/p>\n<h6><em><a href=\"https:\/\/www.ankaramotor.es\/es\/configurador\/xc90?brandSlug=volvo&amp;cid=1198\">VER CARACTER\u00cdSTICAS<\/a><\/em><\/h6>\n<p>[\/common_title][vc_empty_space height=\u00bb20px\u00bb][vc_btn title=\u00bbSolicita una prueba\u00bb style=\u00bboutline-custom\u00bb outline_custom_color=\u00bb#3d6eac\u00bb outline_custom_hover_background=\u00bb#3d6eac\u00bb outline_custom_hover_text=\u00bb#ffffff\u00bb css=\u00bb.vc_custom_1681823131530{margin-left: 30px !important;}\u00bb][\/vc_column][vc_column width=\u00bb1\/2&#8243;][vc_single_image image=\u00bb3175&#8243; img_size=\u00bblarge\u00bb][\/vc_column][\/vc_row][vc_row full_width=\u00bbstretch_row\u00bb pix_padding_top=\u00bbpadding M\u00bb pix_padding_bottom=\u00bbpadding M\u00bb ptextcolor=\u00bbBlack\u00bb gradient_colors=\u00bb%5B%7B%7D%5D\u00bb css=\u00bb.vc_custom_1681812643026{background-color: #ffffff !important;}\u00bb][vc_column width=\u00bb1\/2&#8243;][vc_single_image image=\u00bb3181&#8243; img_size=\u00bblarge\u00bb][\/vc_column][vc_column width=\u00bb1\/2&#8243;][vc_empty_space height=\u00bb60px\u00bb][common_title title=\u00bbModelo XC60&#8243; padding=\u00bboff\u00bb position=\u00bbtext-left\u00bb show_decor=\u00bboff\u00bb css=\u00bb.vc_custom_1681823120323{margin-right: 30px !important;margin-left: 30px !important;}\u00bb]Como tu smartphone, pero m\u00e1s grande.<br \/>\nDise\u00f1o inteligente en cada giro. Descubre nuestro SUV<br \/>\nh\u00edbrido enchufable inteligente mediano con Google integrado.<br \/>\n<span class=\"fo\">Redefine tu experiencia.<br \/>\n<\/span><\/p>\n<h6><a href=\"https:\/\/www.ankaramotor.es\/es\/configurador\/xc60?brandSlug=volvo&amp;cid=1196\"><em>VER CARACTER\u00cdSTICAS<\/em><\/a><\/h6>\n<p>[\/common_title][vc_empty_space height=\u00bb20px\u00bb][vc_btn title=\u00bbSolicita una prueba\u00bb style=\u00bboutline-custom\u00bb outline_custom_color=\u00bb#3d6eac\u00bb outline_custom_hover_background=\u00bb#3d6eac\u00bb outline_custom_hover_text=\u00bb#ffffff\u00bb css=\u00bb.vc_custom_1681823030288{margin-left: 30px !important;}\u00bb][\/vc_column][\/vc_row][vc_row full_width=\u00bbstretch_row\u00bb pix_padding_top=\u00bbpadding M\u00bb pix_padding_bottom=\u00bbpadding M\u00bb ptextcolor=\u00bbBlack\u00bb gradient_colors=\u00bb%5B%7B%7D%5D\u00bb css=\u00bb.vc_custom_1681812632432{background-color: #f4f4f4 !important;}\u00bb][vc_column width=\u00bb1\/2&#8243;][vc_empty_space height=\u00bb60px\u00bb][common_title title=\u00bbModelo XC40&#8243; padding=\u00bboff\u00bb position=\u00bbtext-left\u00bb show_decor=\u00bboff\u00bb css=\u00bb.vc_custom_1681823018412{margin-right: 30px !important;margin-left: 30px !important;}\u00bb]Descubre la armon\u00eda interior. El dise\u00f1o contempor\u00e1neo y unos materiales m\u00e1s sostenibles caracterizan cada uno de los detalles del XC40.<br \/>\nT\u00fa nos lo pediste, nosotros cumplimos. Conoce los detalles inteligentes y la tecnolog\u00eda pr\u00e1ctica que exige tu vida.<\/p>\n<h6><a href=\"https:\/\/www.ankaramotor.es\/es\/configurador\/xc40?brandSlug=volvo&amp;cid=1630\"><em>VER CARACTER\u00cdSTICAS<\/em><\/a><\/h6>\n<p>[\/common_title][vc_empty_space height=\u00bb20px\u00bb][vc_btn title=\u00bbSolicita una prueba\u00bb style=\u00bboutline-custom\u00bb outline_custom_color=\u00bb#3d6eac\u00bb outline_custom_hover_background=\u00bb#3d6eac\u00bb outline_custom_hover_text=\u00bb#ffffff\u00bb css=\u00bb.vc_custom_1681822958833{margin-left: 30px !important;}\u00bb][\/vc_column][vc_column width=\u00bb1\/2&#8243;][vc_single_image image=\u00bb3190&#8243; img_size=\u00bblarge\u00bb][\/vc_column][\/vc_row][vc_row full_width=\u00bbstretch_row\u00bb pix_padding_top=\u00bbpadding M\u00bb pix_padding_bottom=\u00bbpadding M\u00bb ptextcolor=\u00bbBlack\u00bb gradient_colors=\u00bb%5B%7B%7D%5D\u00bb css=\u00bb.vc_custom_1681812643026{background-color: #ffffff !important;}\u00bb][vc_column width=\u00bb1\/2&#8243;][vc_single_image image=\u00bb3204&#8243; img_size=\u00bblarge\u00bb][\/vc_column][vc_column width=\u00bb1\/2&#8243;][vc_empty_space height=\u00bb60px\u00bb][common_title title=\u00bbModelo S90&#8243; padding=\u00bboff\u00bb position=\u00bbtext-left\u00bb show_decor=\u00bboff\u00bb css=\u00bb.vc_custom_1685429095209{margin-right: 30px !important;margin-left: 30px !important;}\u00bb]<span class=\"fo\">Aumenta tus expectativas.<\/span> <span class=\"cy fo kf\">Acepta lo nuevo y controla el camino.<br \/>\n<\/span><span class=\"cy fo kf\">D\u00e9jate llevar por este sed\u00e1n de lujo h\u00edbrido enchufable con Google integrado.<br \/>\nLos detalles del dise\u00f1o interior exclusivos y la comodidad de alta gama hacen que cada kil\u00f3metro sea un verdadero placer.<\/span><\/p>\n<p>Est\u00e1s un paso m\u00e1s cerca de una movilidad m\u00e1s sostenible con el medio ambiente.<\/p>\n<h6><em><a href=\"https:\/\/www.ankaramotor.es\/es\/configurador\/s90-sedan?brandSlug=volvo&amp;cid=1458\">VER CARACTER\u00cdSTICAS<\/a><\/em><\/h6>\n<p>[\/common_title][vc_empty_space height=\u00bb20px\u00bb][vc_btn title=\u00bbSolicita una prueba\u00bb style=\u00bboutline-custom\u00bb outline_custom_color=\u00bb#3d6eac\u00bb outline_custom_hover_background=\u00bb#3d6eac\u00bb outline_custom_hover_text=\u00bb#ffffff\u00bb css=\u00bb.vc_custom_1681822886671{margin-left: 30px !important;}\u00bb][\/vc_column][\/vc_row][vc_row full_width=\u00bbstretch_row\u00bb pix_padding_top=\u00bbpadding M\u00bb pix_padding_bottom=\u00bbpadding M\u00bb ptextcolor=\u00bbBlack\u00bb gradient_colors=\u00bb%5B%7B%7D%5D\u00bb css=\u00bb.vc_custom_1681812632432{background-color: #f4f4f4 !important;}\u00bb][vc_column width=\u00bb1\/2&#8243;][vc_empty_space height=\u00bb60px\u00bb][common_title title=\u00bbModelo S60&#8243; padding=\u00bboff\u00bb position=\u00bbtext-left\u00bb show_decor=\u00bboff\u00bb css=\u00bb.vc_custom_1681824145998{margin-right: 30px !important;margin-left: 30px !important;}\u00bb]<span class=\"fo\">Para la carretera que est\u00e1 por delante.\u00a0<\/span><span class=\"cy fo kz\">Redescubre el placer de conducir con nuestro intr\u00e9pido sed\u00e1n h\u00edbrido enchufable. Para amantes de la carretera y para superar todas las curvas de la vida.<\/span><\/p>\n<p><span class=\"fo\">Creado para ti.<\/span> Sum\u00e9rgete en las caracter\u00edsticas inteligentes y en la tecnolog\u00eda m\u00e1s \u00fatil.<\/p>\n<h6><a href=\"https:\/\/www.ankaramotor.es\/es\/configurador\/s60?brandSlug=volvo&amp;cid=1190\"><em>VER CARACTER\u00cdSTICAS<\/em><\/a><\/h6>\n<p>[\/common_title][vc_empty_space height=\u00bb20px\u00bb][vc_btn title=\u00bbSolicita una prueba\u00bb style=\u00bboutline-custom\u00bb outline_custom_color=\u00bb#3d6eac\u00bb outline_custom_hover_background=\u00bb#3d6eac\u00bb outline_custom_hover_text=\u00bb#ffffff\u00bb css=\u00bb.vc_custom_1681822958833{margin-left: 30px !important;}\u00bb][\/vc_column][vc_column width=\u00bb1\/2&#8243;][vc_single_image image=\u00bb3206&#8243; img_size=\u00bblarge\u00bb][\/vc_column][\/vc_row][vc_row full_width=\u00bbstretch_row\u00bb pix_padding_top=\u00bbpadding M\u00bb pix_padding_bottom=\u00bbpadding M\u00bb ptextcolor=\u00bbBlack\u00bb gradient_colors=\u00bb%5B%7B%7D%5D\u00bb css=\u00bb.vc_custom_1681812632432{background-color: #f4f4f4 !important;}\u00bb][vc_column width=\u00bb1\/2&#8243;][vc_single_image image=\u00bb3209&#8243; img_size=\u00bblarge\u00bb][\/vc_column][vc_column width=\u00bb1\/2&#8243;][vc_empty_space height=\u00bb60px\u00bb][common_title title=\u00bbModelo V90&#8243; padding=\u00bboff\u00bb position=\u00bbtext-left\u00bb show_decor=\u00bboff\u00bb css=\u00bb.vc_custom_1681976542437{margin-right: 30px !important;margin-left: 30px !important;}\u00bb]<span class=\"fo\">Llega un poco m\u00e1s lejos.\u00a0<\/span><span class=\"cy fo kf\">Aprovecha la energ\u00eda para una conducci\u00f3n m\u00e1s fluida con nuestros microh\u00edbridos.<br \/>\n<\/span><\/p>\n<div class=\"a b c d e f ti\">\n<div class=\"a b c d e f\">\n<div class=\"a c d e jn jo jp jq n\">\n<div class=\"bd jr js jt r z\">\n<p class=\"bc bd be bh bi bm bo br bt ci co cr cu cx ju jv jw jx jy jz ka kb kc kd ke xa z\" data-testid=\"text-statement-wrapper\"><span class=\"fo\">La clase se combina con la funcionalidad.<\/span> <span class=\"cy fo kf\">Sum\u00e9rgete en las caracter\u00edsticas inteligentes y en la tecnolog\u00eda m\u00e1s \u00fatil.<\/span><\/p>\n<\/div>\n<\/div>\n<\/div>\n<\/div>\n<h6><a href=\"https:\/\/www.ankaramotor.es\/es\/configurador\/v90?brandSlug=volvo&amp;cid=1459\"><em>VER CARACTER\u00cdSTICAS<\/em><\/a><\/h6>\n<p>[\/common_title][vc_empty_space height=\u00bb20px\u00bb][vc_btn title=\u00bbSolicita una prueba\u00bb style=\u00bboutline-custom\u00bb outline_custom_color=\u00bb#3d6eac\u00bb outline_custom_hover_background=\u00bb#3d6eac\u00bb outline_custom_hover_text=\u00bb#ffffff\u00bb css=\u00bb.vc_custom_1681822958833{margin-left: 30px !important;}\u00bb][\/vc_column][\/vc_row][vc_row full_width=\u00bbstretch_row\u00bb pix_padding_top=\u00bbpadding M\u00bb pix_padding_bottom=\u00bbpadding M\u00bb ptextcolor=\u00bbBlack\u00bb gradient_colors=\u00bb%5B%7B%7D%5D\u00bb css=\u00bb.vc_custom_1681812643026{background-color: #ffffff !important;}\u00bb][vc_column width=\u00bb1\/2&#8243;][vc_empty_space height=\u00bb60px\u00bb][common_title title=\u00bbModelo V90 Cross Country\u00bb padding=\u00bboff\u00bb position=\u00bbtext-left\u00bb show_decor=\u00bboff\u00bb css=\u00bb.vc_custom_1681976520356{margin-right: 30px !important;margin-left: 30px !important;}\u00bb]<\/p>\n<div class=\"a b c d e f kf kg kh\">\n<div class=\"a c d e ki kj kk kl n\">\n<div class=\"bd if ig km kn ko r z\">\n<p class=\"bc bd be bh bi bm bo br bt ci co cr cu cx jm kp kq kr ks kt ku kv kw kx ky z\" data-testid=\"text-statement-wrapper\"><span class=\"fo\">Creado para el confort. Dise\u00f1ado para la aventura.<\/span> <span class=\"cy fo kz\">Disfruta de este emblem\u00e1tico familiar h\u00edbrido enchufable con Google integrado. Esc\u00e1pate con elegancia. Conduce pensando en el futuro.<\/span><\/p>\n<p data-testid=\"text-statement-wrapper\">Tu familiar, a tu manera. Crea y disfruta de un interior que refleje qui\u00e9n eres.<\/p>\n<\/div>\n<\/div>\n<\/div>\n<h6><em><a href=\"https:\/\/www.ankaramotor.es\/es\/configurador\/v90-cross-country?brandSlug=volvo&amp;cid=1529\">VER CARACTER\u00cdSTICAS<\/a><\/em><\/h6>\n<p>[\/common_title][vc_empty_space height=\u00bb20px\u00bb][vc_btn title=\u00bbSolicita una prueba\u00bb style=\u00bboutline-custom\u00bb outline_custom_color=\u00bb#3d6eac\u00bb outline_custom_hover_background=\u00bb#3d6eac\u00bb outline_custom_hover_text=\u00bb#ffffff\u00bb css=\u00bb.vc_custom_1681822886671{margin-left: 30px !important;}\u00bb][\/vc_column][vc_column width=\u00bb1\/2&#8243;][vc_single_image image=\u00bb3208&#8243; img_size=\u00bblarge\u00bb][\/vc_column][\/vc_row][vc_row full_width=\u00bbstretch_row\u00bb pix_padding_top=\u00bbpadding M\u00bb pix_padding_bottom=\u00bbpadding M\u00bb ptextcolor=\u00bbBlack\u00bb gradient_colors=\u00bb%5B%7B%7D%5D\u00bb css=\u00bb.vc_custom_1681812643026{background-color: #ffffff !important;}\u00bb][vc_column width=\u00bb1\/2&#8243;][vc_single_image image=\u00bb3211&#8243; img_size=\u00bblarge\u00bb][\/vc_column][vc_column width=\u00bb1\/2&#8243;][vc_empty_space height=\u00bb60px\u00bb][common_title title=\u00bbModelo V60&#8243; padding=\u00bboff\u00bb position=\u00bbtext-left\u00bb show_decor=\u00bboff\u00bb css=\u00bb.vc_custom_1681976476742{margin-right: 30px !important;margin-left: 30px !important;}\u00bb]<span class=\"fo\">Espacio para la vida.<\/span> <span class=\"cy fo kz\">Mucho espacio para las piernas. Un sonido de primera. Y con Google integrado. Descubre nuestro h\u00edbrido enchufable familiar V60 Recharge: preparado para lo que te depare la vida.<\/span><\/p>\n<p>La \u00fatil tecnolog\u00eda de tu V60 refleja tu deseo de una experiencia m\u00e1s din\u00e1mica.<\/p>\n<h6><em><a href=\"https:\/\/www.ankaramotor.es\/es\/configurador\/v60?brandSlug=volvo&amp;cid=1194\">VER CARACTER\u00cdSTICAS<\/a><\/em><\/h6>\n<p>[\/common_title][vc_empty_space height=\u00bb20px\u00bb][vc_btn title=\u00bbSolicita una prueba\u00bb style=\u00bboutline-custom\u00bb outline_custom_color=\u00bb#3d6eac\u00bb outline_custom_hover_background=\u00bb#3d6eac\u00bb outline_custom_hover_text=\u00bb#ffffff\u00bb css=\u00bb.vc_custom_1681822886671{margin-left: 30px !important;}\u00bb][\/vc_column][\/vc_row][vc_row full_width=\u00bbstretch_row\u00bb pix_padding_top=\u00bbpadding M\u00bb pix_padding_bottom=\u00bbpadding M\u00bb ptextcolor=\u00bbBlack\u00bb gradient_colors=\u00bb%5B%7B%7D%5D\u00bb css=\u00bb.vc_custom_1681812643026{background-color: #ffffff !important;}\u00bb][vc_column width=\u00bb1\/2&#8243;][vc_empty_space height=\u00bb60px\u00bb][common_title title=\u00bbModelo V60 Cross Country\u00bb padding=\u00bboff\u00bb position=\u00bbtext-left\u00bb show_decor=\u00bboff\u00bb css=\u00bb.vc_custom_1681976453770{margin-right: 30px !important;margin-left: 30px !important;}\u00bb]Seguimos innovando para ayudarte a proteger lo que es importante para ti.<br \/>\nLos detalles importan. La artesan\u00eda, la innovaci\u00f3n y los materiales de calidad crean una experiencia de dise\u00f1o interior superior.<\/p>\n<p>La \u00fatil tecnolog\u00eda de tu V60 refleja tu deseo de una experiencia m\u00e1s din\u00e1mica.<\/p>\n<h6><em><a href=\"https:\/\/www.ankaramotor.es\/es\/configurador\/v60-cross-country?brandSlug=volvo&amp;cid=1350\">VER CARACTER\u00cdSTICAS<\/a><\/em><\/h6>\n<p>[\/common_title][vc_empty_space height=\u00bb20px\u00bb][vc_btn title=\u00bbSolicita una prueba\u00bb style=\u00bboutline-custom\u00bb outline_custom_color=\u00bb#3d6eac\u00bb outline_custom_hover_background=\u00bb#3d6eac\u00bb outline_custom_hover_text=\u00bb#ffffff\u00bb css=\u00bb.vc_custom_1681822886671{margin-left: 30px !important;}\u00bb][\/vc_column][vc_column width=\u00bb1\/2&#8243;][vc_single_image image=\u00bb3329&#8243; img_size=\u00bblarge\u00bb][\/vc_column][\/vc_row][vc_row full_width=\u00bbstretch_row\u00bb pix_padding_top=\u00bbpadding M\u00bb pix_padding_bottom=\u00bbpadding M\u00bb ptextcolor=\u00bbBlack\u00bb gradient_colors=\u00bb%5B%7B%7D%5D\u00bb css=\u00bb.vc_custom_1681812643026{background-color: #ffffff !important;}\u00bb][vc_column width=\u00bb1\/2&#8243;][vc_single_image image=\u00bb3302&#8243; img_size=\u00bblarge\u00bb][\/vc_column][vc_column width=\u00bb1\/2&#8243;][vc_empty_space height=\u00bb60px\u00bb][common_title title=\u00bbModelo C40&#8243; padding=\u00bboff\u00bb position=\u00bbtext-left\u00bb show_decor=\u00bboff\u00bb css=\u00bb.vc_custom_1685429475527{margin-right: 30px !important;margin-left: 30px !important;}\u00bb]<span class=\"fo\">Un coraz\u00f3n puro en una carrocer\u00eda atrevida.<\/span> <span class=\"cy fo lc\">Conoce nuestro crossover el\u00e9ctrico.<br \/>\nExpr\u00e9sate. El dise\u00f1o contempor\u00e1neo y el interior sin cuero marcan el tono del interior del C40.<\/span><\/p>\n<h6><em><a href=\"https:\/\/www.ankaramotor.es\/es\/configurador\/c40?brandSlug=volvo&amp;cid=2010\">VER CARACTER\u00cdSTICAS<\/a><\/em><\/h6>\n<p><em>\u00a0<\/em>[\/common_title][vc_empty_space height=\u00bb20px\u00bb][vc_btn title=\u00bbSolicita una prueba\u00bb style=\u00bboutline-custom\u00bb outline_custom_color=\u00bb#3d6eac\u00bb outline_custom_hover_background=\u00bb#3d6eac\u00bb outline_custom_hover_text=\u00bb#ffffff\u00bb css=\u00bb.vc_custom_1681822886671{margin-left: 30px !important;}\u00bb][\/vc_column][\/vc_row][vc_row full_width=\u00bbstretch_row\u00bb pix_padding_top=\u00bbpadding M\u00bb pix_padding_bottom=\u00bbpadding M\u00bb ptextcolor=\u00bbBlack\u00bb gradient_colors=\u00bb%5B%7B%7D%5D\u00bb css=\u00bb.vc_custom_1681812643026{background-color: #ffffff !important;}\u00bb][vc_column width=\u00bb1\/2&#8243;][vc_empty_space height=\u00bb60px\u00bb][common_title title=\u00bbModelo XC90&#8243; padding=\u00bboff\u00bb position=\u00bbtext-left\u00bb show_decor=\u00bboff\u00bb css=\u00bb.vc_custom_1685429394236{margin-right: 30px !important;margin-left: 30px !important;}\u00bb]<\/p>\n<div class=\"column column-50 vehicle-detail-content bloque-1\">\n<p>Disfruta de la conducci\u00f3n con el Volvo XC90. Este lujoso SUV dispone de todas las prestaciones y terminaciones de un verdadero coche de lujo. La tecnolog\u00eda de vanguardia con el sistema Pilot Asist, su\u00a0sitema de audio premium y cada detalle de sus terminaciones te har\u00e1n sentir que nunca antes estuviste sentado en un coche como este.<\/p>\n<\/div>\n<div class=\"column column-50 vehicle-detail-image imagen-1\"><\/div>\n<h6><em><a href=\"https:\/\/www.ankaramotor.es\/es\/configurador\/ex90-suv?brandSlug=volvo&amp;cid=2251\">VER CARACTER\u00cdSTICAS<\/a><\/em><\/h6>\n<p>[\/common_title][vc_empty_space height=\u00bb20px\u00bb][vc_btn title=\u00bbSolicita una prueba\u00bb style=\u00bboutline-custom\u00bb outline_custom_color=\u00bb#3d6eac\u00bb outline_custom_hover_background=\u00bb#3d6eac\u00bb outline_custom_hover_text=\u00bb#ffffff\u00bb css=\u00bb.vc_custom_1681822886671{margin-left: 30px !important;}\u00bb][\/vc_column][vc_column width=\u00bb1\/2&#8243;][vc_single_image image=\u00bb3330&#8243; img_size=\u00bblarge\u00bb][\/vc_column][\/vc_row]<\/p>\n<\/section>","protected":false},"excerpt":{"rendered":"<p>[vc_row full_width=\u00bbstretch_row\u00bb pix_padding_top=\u00bbpadding M\u00bb pix_padding_bottom=\u00bbpadding M\u00bb ptextcolor=\u00bbBlack\u00bb gradient_colors=\u00bb%5B%7B%7D%5D\u00bb css=\u00bb.vc_custom_1681812632432{background-color: #f4f4f4 !important;}\u00bb][vc_column width=\u00bb1\/2&#8243;][vc_empty_space height=\u00bb60px\u00bb][common_title title=\u00bbModelo EX90&#8243; padding=\u00bboff\u00bb position=\u00bbtext-left\u00bb show_decor=\u00bboff\u00bb css=\u00bb.vc_custom_1683623168482{margin-right: 30px !important;margin-left: 30px !important;}\u00bb]El nuevo SUV Volvo EX90 totalmente el\u00e9ctrico de siete plazas alcanza el nivel m\u00e1s alto de seguridad est\u00e1ndar de Volvo hasta la fecha. Agradable y potente,\u00a0hace que cada trayecto sea algo memorable. VER [&hellip;]<\/p>\n","protected":false},"author":1,"featured_media":0,"parent":0,"menu_order":0,"comment_status":"closed","ping_status":"closed","template":"","meta":{"inline_featured_image":false,"footnotes":""},"class_list":["post-1572","page","type-page","status-publish","hentry"],"_links":{"self":[{"href":"https:\/\/gparedes.gurumk.com\/index.php?rest_route=\/wp\/v2\/pages\/1572","targetHints":{"allow":["GET"]}}],"collection":[{"href":"https:\/\/gparedes.gurumk.com\/index.php?rest_route=\/wp\/v2\/pages"}],"about":[{"href":"https:\/\/gparedes.gurumk.com\/index.php?rest_route=\/wp\/v2\/types\/page"}],"author":[{"embeddable":true,"href":"https:\/\/gparedes.gurumk.com\/index.php?rest_route=\/wp\/v2\/users\/1"}],"replies":[{"embeddable":true,"href":"https:\/\/gparedes.gurumk.com\/index.php?rest_route=%2Fwp%2Fv2%2Fcomments&post=1572"}],"version-history":[{"count":26,"href":"https:\/\/gparedes.gurumk.com\/index.php?rest_route=\/wp\/v2\/pages\/1572\/revisions"}],"predecessor-version":[{"id":3331,"href":"https:\/\/gparedes.gurumk.com\/index.php?rest_route=\/wp\/v2\/pages\/1572\/revisions\/3331"}],"wp:attachment":[{"href":"https:\/\/gparedes.gurumk.com\/index.php?rest_route=%2Fwp%2Fv2%2Fmedia&parent=1572"}],"curies":[{"name":"wp","href":"https:\/\/api.w.org\/{rel}","templated":true}]}}