{"id":1766,"date":"2019-03-08T00:01:56","date_gmt":"2019-03-08T00:01:56","guid":{"rendered":"https:\/\/quattro.true-emotions.studio\/?page_id=1766"},"modified":"2023-07-12T09:21:14","modified_gmt":"2023-07-12T09:21:14","slug":"home-3","status":"publish","type":"page","link":"https:\/\/gparedes.gurumk.com\/?page_id=1766","title":{"rendered":"Concesionarios"},"content":{"rendered":"<section class=\"wpb-content-wrapper\"><p>[vc_row][vc_column][common_title title=\u00bbGrupo Paredes siempre cerca de ti\u00bb padding=\u00bboff\u00bb show_decor=\u00bboff\u00bb subtitle=\u00bbEncuentra el tuyo\u00bb][\/common_title][vc_column_text]<\/p>\n<p style=\"text-align: center;\">Para ofrecer el mejor servicio, en Grupo Paredes Automoci\u00f3n ponemos a disposici\u00f3n de nuestros clientes aproximadamente 14 mil metros cuadrados, divididos entre concesionarios y talleres. Estamos ubicados en Elche, Orihuela y Alicante, asegurando de esta manera cubrir las necesidades de toda la provincia.<\/p>\n<p>[\/vc_column_text][\/vc_column][\/vc_row][vc_row pix_padding_top=\u00bbpadding S\u00bb pix_padding_bottom=\u00bbpadding S\u00bb gradient_colors=\u00bb%5B%7B%7D%5D\u00bb awb_type=\u00bbcolor\u00bb awb_stretch=\u00bb1&#8243; awb_color=\u00bb#f6f6f7&#8243;][vc_column width=\u00bb1\/2&#8243; gradient_colors=\u00bb%5B%7B%7D%5D\u00bb css=\u00bb.vc_custom_1681395933183{padding-right: 20px !important;}\u00bb][vc_single_image image=\u00bb3336&#8243; img_size=\u00bbfull\u00bb title=\u00bbSkei Autom\u00f3viles Elche\u00bb][vc_column_text]<img loading=\"lazy\" decoding=\"async\" class=\"alignnone wp-image-3151\" src=\"https:\/\/gparedes.gurumk.com\/wp-content\/uploads\/2023\/04\/icon1.png\" alt=\"\" width=\"19\" height=\"19\" srcset=\"https:\/\/gparedes.gurumk.com\/wp-content\/uploads\/2023\/04\/icon1.png 300w, https:\/\/gparedes.gurumk.com\/wp-content\/uploads\/2023\/04\/icon1-150x150.png 150w, https:\/\/gparedes.gurumk.com\/wp-content\/uploads\/2023\/04\/icon1-100x100.png 100w\" sizes=\"auto, (max-width: 19px) 100vw, 19px\" \/>\u00a0Calle Sor Josefa Alcorta, 37, 03204, Elche<br \/>\n<img loading=\"lazy\" decoding=\"async\" class=\"alignnone wp-image-3152\" src=\"https:\/\/gparedes.gurumk.com\/wp-content\/uploads\/2023\/04\/icon2.png\" alt=\"\" width=\"18\" height=\"18\" srcset=\"https:\/\/gparedes.gurumk.com\/wp-content\/uploads\/2023\/04\/icon2.png 300w, https:\/\/gparedes.gurumk.com\/wp-content\/uploads\/2023\/04\/icon2-150x150.png 150w, https:\/\/gparedes.gurumk.com\/wp-content\/uploads\/2023\/04\/icon2-100x100.png 100w\" sizes=\"auto, (max-width: 18px) 100vw, 18px\" \/>\u00a0966 634 041<br \/>\n<img loading=\"lazy\" decoding=\"async\" class=\"alignnone wp-image-3153\" src=\"https:\/\/gparedes.gurumk.com\/wp-content\/uploads\/2023\/04\/icon3.png\" alt=\"\" width=\"18\" height=\"18\" srcset=\"https:\/\/gparedes.gurumk.com\/wp-content\/uploads\/2023\/04\/icon3.png 300w, https:\/\/gparedes.gurumk.com\/wp-content\/uploads\/2023\/04\/icon3-150x150.png 150w, https:\/\/gparedes.gurumk.com\/wp-content\/uploads\/2023\/04\/icon3-100x100.png 100w\" sizes=\"auto, (max-width: 18px) 100vw, 18px\" \/>\u00a0Lunes a Viernes: 9:30 &#8211; 13:30 | 16:30 &#8211; 20:00<br \/>\nS\u00e1bados: 10:30 &#8211; 13:30[\/vc_column_text][\/vc_column][vc_column width=\u00bb1\/2&#8243; gradient_colors=\u00bb%5B%7B%7D%5D\u00bb css=\u00bb.vc_custom_1681395923512{padding-left: 20px !important;}\u00bb][common_google_map locations=\u00bb%5B%7B%22latlng%22%3A%2240.6700%2C-73.9400%22%7D%5D\u00bb][vc_btn title=\u00bbContactar\u00bb style=\u00bboutline-custom\u00bb outline_custom_color=\u00bb#3d6eac\u00bb outline_custom_hover_background=\u00bb#3d6eac\u00bb outline_custom_hover_text=\u00bb#ffffff\u00bb size=\u00bblg\u00bb css=\u00bb.vc_custom_1681807462249{margin-top: 25px !important;border-top-width: 20px !important;}\u00bb][\/vc_column][\/vc_row][vc_row pix_padding_top=\u00bbpadding S\u00bb pix_padding_bottom=\u00bbpadding S\u00bb gradient_colors=\u00bb%5B%7B%7D%5D\u00bb awb_type=\u00bbcolor\u00bb awb_stretch=\u00bb1&#8243; awb_color=\u00bb#f6f6f7&#8243;][vc_column width=\u00bb1\/2&#8243; gradient_colors=\u00bb%5B%7B%7D%5D\u00bb css=\u00bb.vc_custom_1681395933183{padding-right: 20px !important;}\u00bb][vc_single_image image=\u00bb3377&#8243; img_size=\u00bbfull\u00bb title=\u00bbWallscar Multimarca Alicante\u00bb][vc_column_text]<img loading=\"lazy\" decoding=\"async\" class=\"alignnone wp-image-3151\" src=\"https:\/\/gparedes.gurumk.com\/wp-content\/uploads\/2023\/04\/icon1.png\" alt=\"\" width=\"19\" height=\"19\" srcset=\"https:\/\/gparedes.gurumk.com\/wp-content\/uploads\/2023\/04\/icon1.png 300w, https:\/\/gparedes.gurumk.com\/wp-content\/uploads\/2023\/04\/icon1-150x150.png 150w, https:\/\/gparedes.gurumk.com\/wp-content\/uploads\/2023\/04\/icon1-100x100.png 100w\" sizes=\"auto, (max-width: 19px) 100vw, 19px\" \/> Carr. d&#8217;Oca\u00f1a, 9, 03006 Alicante<br \/>\n<img loading=\"lazy\" decoding=\"async\" class=\"alignnone wp-image-3152\" src=\"https:\/\/gparedes.gurumk.com\/wp-content\/uploads\/2023\/04\/icon2.png\" alt=\"\" width=\"18\" height=\"18\" srcset=\"https:\/\/gparedes.gurumk.com\/wp-content\/uploads\/2023\/04\/icon2.png 300w, https:\/\/gparedes.gurumk.com\/wp-content\/uploads\/2023\/04\/icon2-150x150.png 150w, https:\/\/gparedes.gurumk.com\/wp-content\/uploads\/2023\/04\/icon2-100x100.png 100w\" sizes=\"auto, (max-width: 18px) 100vw, 18px\" \/> 671 129 110<br \/>\n<img loading=\"lazy\" decoding=\"async\" class=\"alignnone wp-image-3153\" src=\"https:\/\/gparedes.gurumk.com\/wp-content\/uploads\/2023\/04\/icon3.png\" alt=\"\" width=\"18\" height=\"18\" srcset=\"https:\/\/gparedes.gurumk.com\/wp-content\/uploads\/2023\/04\/icon3.png 300w, https:\/\/gparedes.gurumk.com\/wp-content\/uploads\/2023\/04\/icon3-150x150.png 150w, https:\/\/gparedes.gurumk.com\/wp-content\/uploads\/2023\/04\/icon3-100x100.png 100w\" sizes=\"auto, (max-width: 18px) 100vw, 18px\" \/>\u00a0Lunes a Viernes: 9:30 &#8211; 13:30 | 16:30 &#8211; 20:00<br \/>\nS\u00e1bados: 10:30 &#8211; 13:30[\/vc_column_text][\/vc_column][vc_column width=\u00bb1\/2&#8243; gradient_colors=\u00bb%5B%7B%7D%5D\u00bb css=\u00bb.vc_custom_1681395923512{padding-left: 20px !important;}\u00bb][common_google_map locations=\u00bb%5B%7B%22latlng%22%3A%2240.6700%2C-73.9400%22%7D%5D\u00bb][vc_btn title=\u00bbContactar\u00bb style=\u00bboutline-custom\u00bb outline_custom_color=\u00bb#3d6eac\u00bb outline_custom_hover_background=\u00bb#3d6eac\u00bb outline_custom_hover_text=\u00bb#ffffff\u00bb size=\u00bblg\u00bb css=\u00bb.vc_custom_1681807462249{margin-top: 25px !important;border-top-width: 20px !important;}\u00bb][\/vc_column][\/vc_row][vc_row pix_padding_top=\u00bbpadding S\u00bb pix_padding_bottom=\u00bbpadding S\u00bb gradient_colors=\u00bb%5B%7B%7D%5D\u00bb awb_type=\u00bbcolor\u00bb awb_stretch=\u00bb1&#8243;][vc_column width=\u00bb1\/2&#8243; gradient_colors=\u00bb%5B%7B%7D%5D\u00bb css=\u00bb.vc_custom_1681395933183{padding-right: 20px !important;}\u00bb][vc_single_image image=\u00bb3339&#8243; img_size=\u00bbfull\u00bb title=\u00bbAlcorta Motor Elche\u00bb][vc_column_text]<img loading=\"lazy\" decoding=\"async\" class=\"alignnone wp-image-3151\" src=\"https:\/\/gparedes.gurumk.com\/wp-content\/uploads\/2023\/04\/icon1.png\" alt=\"\" width=\"19\" height=\"19\" srcset=\"https:\/\/gparedes.gurumk.com\/wp-content\/uploads\/2023\/04\/icon1.png 300w, https:\/\/gparedes.gurumk.com\/wp-content\/uploads\/2023\/04\/icon1-150x150.png 150w, https:\/\/gparedes.gurumk.com\/wp-content\/uploads\/2023\/04\/icon1-100x100.png 100w\" sizes=\"auto, (max-width: 19px) 100vw, 19px\" \/>\u00a0Calle Sor Josefa Alcorta, 37, 03204, Elche<br \/>\n<img loading=\"lazy\" decoding=\"async\" class=\"alignnone wp-image-3152\" src=\"https:\/\/gparedes.gurumk.com\/wp-content\/uploads\/2023\/04\/icon2.png\" alt=\"\" width=\"18\" height=\"18\" srcset=\"https:\/\/gparedes.gurumk.com\/wp-content\/uploads\/2023\/04\/icon2.png 300w, https:\/\/gparedes.gurumk.com\/wp-content\/uploads\/2023\/04\/icon2-150x150.png 150w, https:\/\/gparedes.gurumk.com\/wp-content\/uploads\/2023\/04\/icon2-100x100.png 100w\" sizes=\"auto, (max-width: 18px) 100vw, 18px\" \/>\u00a0966 634 041<br \/>\n<img loading=\"lazy\" decoding=\"async\" class=\"alignnone wp-image-3153\" src=\"https:\/\/gparedes.gurumk.com\/wp-content\/uploads\/2023\/04\/icon3.png\" alt=\"\" width=\"18\" height=\"18\" srcset=\"https:\/\/gparedes.gurumk.com\/wp-content\/uploads\/2023\/04\/icon3.png 300w, https:\/\/gparedes.gurumk.com\/wp-content\/uploads\/2023\/04\/icon3-150x150.png 150w, https:\/\/gparedes.gurumk.com\/wp-content\/uploads\/2023\/04\/icon3-100x100.png 100w\" sizes=\"auto, (max-width: 18px) 100vw, 18px\" \/>\u00a0Lunes a Viernes: 9:30 &#8211; 13:30 | 16:30 &#8211; 20:00<br \/>\nS\u00e1bados: 10:30 &#8211; 13:30[\/vc_column_text][\/vc_column][vc_column width=\u00bb1\/2&#8243; gradient_colors=\u00bb%5B%7B%7D%5D\u00bb css=\u00bb.vc_custom_1681395923512{padding-left: 20px !important;}\u00bb][common_google_map locations=\u00bb%5B%7B%22latlng%22%3A%2240.6700%2C-73.9400%22%7D%5D\u00bb][vc_btn title=\u00bbContactar\u00bb style=\u00bboutline-custom\u00bb outline_custom_color=\u00bb#3d6eac\u00bb outline_custom_hover_background=\u00bb#3d6eac\u00bb outline_custom_hover_text=\u00bb#ffffff\u00bb size=\u00bblg\u00bb css=\u00bb.vc_custom_1681807462249{margin-top: 25px !important;border-top-width: 20px !important;}\u00bb][\/vc_column][\/vc_row][vc_row pix_padding_top=\u00bbpadding S\u00bb pix_padding_bottom=\u00bbpadding S\u00bb gradient_colors=\u00bb%5B%7B%7D%5D\u00bb awb_type=\u00bbcolor\u00bb awb_stretch=\u00bb1&#8243;][vc_column width=\u00bb1\/2&#8243; gradient_colors=\u00bb%5B%7B%7D%5D\u00bb css=\u00bb.vc_custom_1681395933183{padding-right: 20px !important;}\u00bb][vc_single_image image=\u00bb3376&#8243; img_size=\u00bbfull\u00bb title=\u00bbAnkara Motor Elche\u00bb][vc_column_text]<img loading=\"lazy\" decoding=\"async\" class=\"alignnone wp-image-3151\" src=\"https:\/\/gparedes.gurumk.com\/wp-content\/uploads\/2023\/04\/icon1.png\" alt=\"\" width=\"19\" height=\"19\" srcset=\"https:\/\/gparedes.gurumk.com\/wp-content\/uploads\/2023\/04\/icon1.png 300w, https:\/\/gparedes.gurumk.com\/wp-content\/uploads\/2023\/04\/icon1-150x150.png 150w, https:\/\/gparedes.gurumk.com\/wp-content\/uploads\/2023\/04\/icon1-100x100.png 100w\" sizes=\"auto, (max-width: 19px) 100vw, 19px\" \/>\u00a0Calle Sor Josefa Alcorta, 35, 03204, Elche<br \/>\n<img loading=\"lazy\" decoding=\"async\" class=\"alignnone wp-image-3152\" src=\"https:\/\/gparedes.gurumk.com\/wp-content\/uploads\/2023\/04\/icon2.png\" alt=\"\" width=\"18\" height=\"18\" srcset=\"https:\/\/gparedes.gurumk.com\/wp-content\/uploads\/2023\/04\/icon2.png 300w, https:\/\/gparedes.gurumk.com\/wp-content\/uploads\/2023\/04\/icon2-150x150.png 150w, https:\/\/gparedes.gurumk.com\/wp-content\/uploads\/2023\/04\/icon2-100x100.png 100w\" sizes=\"auto, (max-width: 18px) 100vw, 18px\" \/> 966 105 959<br \/>\n<img loading=\"lazy\" decoding=\"async\" class=\"alignnone wp-image-3153\" src=\"https:\/\/gparedes.gurumk.com\/wp-content\/uploads\/2023\/04\/icon3.png\" alt=\"\" width=\"18\" height=\"18\" srcset=\"https:\/\/gparedes.gurumk.com\/wp-content\/uploads\/2023\/04\/icon3.png 300w, https:\/\/gparedes.gurumk.com\/wp-content\/uploads\/2023\/04\/icon3-150x150.png 150w, https:\/\/gparedes.gurumk.com\/wp-content\/uploads\/2023\/04\/icon3-100x100.png 100w\" sizes=\"auto, (max-width: 18px) 100vw, 18px\" \/>\u00a0Lunes a Viernes: 9:30 &#8211; 14:00 | 16:30 &#8211; 20:00<br \/>\nS\u00e1bados: 10:30 &#8211; 13:30[\/vc_column_text][\/vc_column][vc_column width=\u00bb1\/2&#8243; gradient_colors=\u00bb%5B%7B%7D%5D\u00bb css=\u00bb.vc_custom_1681395923512{padding-left: 20px !important;}\u00bb][common_google_map locations=\u00bb%5B%7B%22latlng%22%3A%2240.6700%2C-73.9400%22%7D%5D\u00bb][vc_btn title=\u00bbContactar\u00bb style=\u00bboutline-custom\u00bb outline_custom_color=\u00bb#3d6eac\u00bb outline_custom_hover_background=\u00bb#3d6eac\u00bb outline_custom_hover_text=\u00bb#ffffff\u00bb size=\u00bblg\u00bb css=\u00bb.vc_custom_1681807462249{margin-top: 25px !important;border-top-width: 20px !important;}\u00bb][\/vc_column][\/vc_row][vc_row pix_padding_top=\u00bbpadding S\u00bb pix_padding_bottom=\u00bbpadding S\u00bb gradient_colors=\u00bb%5B%7B%7D%5D\u00bb awb_type=\u00bbcolor\u00bb awb_stretch=\u00bb1&#8243; awb_color=\u00bb#f6f6f7&#8243; css=\u00bb.vc_custom_1681902811048{background-color: #ffffff !important;}\u00bb][vc_column width=\u00bb1\/2&#8243; gradient_colors=\u00bb%5B%7B%7D%5D\u00bb css=\u00bb.vc_custom_1681395933183{padding-right: 20px !important;}\u00bb][vc_single_image image=\u00bb3161&#8243; img_size=\u00bbfull\u00bb title=\u00bbAnkara Motor Alicante\u00bb][vc_column_text]<img loading=\"lazy\" decoding=\"async\" class=\"alignnone wp-image-3151\" src=\"https:\/\/gparedes.gurumk.com\/wp-content\/uploads\/2023\/04\/icon1.png\" alt=\"\" width=\"19\" height=\"19\" srcset=\"https:\/\/gparedes.gurumk.com\/wp-content\/uploads\/2023\/04\/icon1.png 300w, https:\/\/gparedes.gurumk.com\/wp-content\/uploads\/2023\/04\/icon1-150x150.png 150w, https:\/\/gparedes.gurumk.com\/wp-content\/uploads\/2023\/04\/icon1-100x100.png 100w\" sizes=\"auto, (max-width: 19px) 100vw, 19px\" \/>\u00a0Carretera de Oca\u00f1a, 40-42, 03006 Alicante<br \/>\n<img loading=\"lazy\" decoding=\"async\" class=\"alignnone wp-image-3152\" src=\"https:\/\/gparedes.gurumk.com\/wp-content\/uploads\/2023\/04\/icon2.png\" alt=\"\" width=\"18\" height=\"18\" srcset=\"https:\/\/gparedes.gurumk.com\/wp-content\/uploads\/2023\/04\/icon2.png 300w, https:\/\/gparedes.gurumk.com\/wp-content\/uploads\/2023\/04\/icon2-150x150.png 150w, https:\/\/gparedes.gurumk.com\/wp-content\/uploads\/2023\/04\/icon2-100x100.png 100w\" sizes=\"auto, (max-width: 18px) 100vw, 18px\" \/> 965 287 398<br \/>\n<img loading=\"lazy\" decoding=\"async\" class=\"alignnone wp-image-3153\" src=\"https:\/\/gparedes.gurumk.com\/wp-content\/uploads\/2023\/04\/icon3.png\" alt=\"\" width=\"18\" height=\"18\" srcset=\"https:\/\/gparedes.gurumk.com\/wp-content\/uploads\/2023\/04\/icon3.png 300w, https:\/\/gparedes.gurumk.com\/wp-content\/uploads\/2023\/04\/icon3-150x150.png 150w, https:\/\/gparedes.gurumk.com\/wp-content\/uploads\/2023\/04\/icon3-100x100.png 100w\" sizes=\"auto, (max-width: 18px) 100vw, 18px\" \/>\u00a0Lunes a Viernes: 9:30 &#8211; 14:00 | 16:30 &#8211; 20:00<br \/>\nS\u00e1bados: 10:30 &#8211; 13:30[\/vc_column_text][\/vc_column][vc_column width=\u00bb1\/2&#8243; gradient_colors=\u00bb%5B%7B%7D%5D\u00bb css=\u00bb.vc_custom_1681395923512{padding-left: 20px !important;}\u00bb][common_google_map locations=\u00bb%5B%7B%22latlng%22%3A%2240.6700%2C-73.9400%22%7D%5D\u00bb][vc_btn title=\u00bbContactar\u00bb style=\u00bboutline-custom\u00bb outline_custom_color=\u00bb#3d6eac\u00bb outline_custom_hover_background=\u00bb#3d6eac\u00bb outline_custom_hover_text=\u00bb#ffffff\u00bb size=\u00bblg\u00bb css=\u00bb.vc_custom_1681807462249{margin-top: 25px !important;border-top-width: 20px !important;}\u00bb][\/vc_column][\/vc_row][vc_row pix_padding_top=\u00bbpadding S\u00bb pix_padding_bottom=\u00bbpadding S\u00bb gradient_colors=\u00bb%5B%7B%7D%5D\u00bb][vc_column][vc_separator color=\u00bbsky\u00bb][\/vc_column][\/vc_row][vc_row pix_padding_top=\u00bbpadding S\u00bb pix_padding_bottom=\u00bbpadding S\u00bb gradient_colors=\u00bb%5B%7B%7D%5D\u00bb awb_type=\u00bbcolor\u00bb awb_stretch=\u00bb1&#8243; awb_color=\u00bb#f6f6f7&#8243;][vc_column width=\u00bb1\/2&#8243; gradient_colors=\u00bb%5B%7B%7D%5D\u00bb css=\u00bb.vc_custom_1681395933183{padding-right: 20px !important;}\u00bb][vc_single_image image=\u00bb3266&#8243; img_size=\u00bbfull\u00bb title=\u00bbTaller en Alicante y Elche\u00bb][\/vc_column][vc_column width=\u00bb1\/2&#8243; gradient_colors=\u00bb%5B%7B%7D%5D\u00bb css=\u00bb.vc_custom_1681395923512{padding-left: 20px !important;}\u00bb][vc_column_text]Proporcionamos la mejor asistencia y asesoramiento posible. Los servicios y reparaciones que ofrecemos a nuestros clientes son realizados por nuestros t\u00e9cnicos, los cuales han sido formados y capacitados seg\u00fan los est\u00e1ndares de calidad de las marcas m\u00e1s prestigiosas.[\/vc_column_text][vc_column_text]<img loading=\"lazy\" decoding=\"async\" class=\"alignnone wp-image-3151\" src=\"https:\/\/gparedes.gurumk.com\/wp-content\/uploads\/2023\/04\/icon1.png\" alt=\"\" width=\"19\" height=\"19\" srcset=\"https:\/\/gparedes.gurumk.com\/wp-content\/uploads\/2023\/04\/icon1.png 300w, https:\/\/gparedes.gurumk.com\/wp-content\/uploads\/2023\/04\/icon1-150x150.png 150w, https:\/\/gparedes.gurumk.com\/wp-content\/uploads\/2023\/04\/icon1-100x100.png 100w\" sizes=\"auto, (max-width: 19px) 100vw, 19px\" \/> C\/ d&#8217;Oca\u00f1a, 40, 03006 Alacant | C\/ Sor Josefa Alcorta, 35, 03204, Elche<br \/>\n<img loading=\"lazy\" decoding=\"async\" class=\"alignnone wp-image-3152\" src=\"https:\/\/gparedes.gurumk.com\/wp-content\/uploads\/2023\/04\/icon2.png\" alt=\"\" width=\"18\" height=\"18\" srcset=\"https:\/\/gparedes.gurumk.com\/wp-content\/uploads\/2023\/04\/icon2.png 300w, https:\/\/gparedes.gurumk.com\/wp-content\/uploads\/2023\/04\/icon2-150x150.png 150w, https:\/\/gparedes.gurumk.com\/wp-content\/uploads\/2023\/04\/icon2-100x100.png 100w\" sizes=\"auto, (max-width: 18px) 100vw, 18px\" \/> <span aria-label=\"Llamar al n\u00famero de tel\u00e9fono 965 28 73 98\">965 28<\/span><span aria-label=\"Llamar al n\u00famero de tel\u00e9fono 965 28 73 98\">7 398<\/span><br \/>\n<img loading=\"lazy\" decoding=\"async\" class=\"alignnone wp-image-3153\" src=\"https:\/\/gparedes.gurumk.com\/wp-content\/uploads\/2023\/04\/icon3.png\" alt=\"\" width=\"18\" height=\"18\" srcset=\"https:\/\/gparedes.gurumk.com\/wp-content\/uploads\/2023\/04\/icon3.png 300w, https:\/\/gparedes.gurumk.com\/wp-content\/uploads\/2023\/04\/icon3-150x150.png 150w, https:\/\/gparedes.gurumk.com\/wp-content\/uploads\/2023\/04\/icon3-100x100.png 100w\" sizes=\"auto, (max-width: 18px) 100vw, 18px\" \/>\u00a0Lunes a Viernes: 8:00-13:00h | 15:00 a 18:00h[\/vc_column_text][vc_btn title=\u00bbReserva tu cita\u00bb style=\u00bboutline-custom\u00bb outline_custom_color=\u00bb#3d6eac\u00bb outline_custom_hover_background=\u00bb#3d6eac\u00bb outline_custom_hover_text=\u00bb#ffffff\u00bb size=\u00bblg\u00bb][\/vc_column][\/vc_row]<\/p>\n<\/section>","protected":false},"excerpt":{"rendered":"<p>[vc_row][vc_column][common_title title=\u00bbGrupo Paredes siempre cerca de ti\u00bb padding=\u00bboff\u00bb show_decor=\u00bboff\u00bb subtitle=\u00bbEncuentra el tuyo\u00bb][\/common_title][vc_column_text] Para ofrecer el mejor servicio, en Grupo Paredes Automoci\u00f3n ponemos a disposici\u00f3n de nuestros clientes aproximadamente 14 mil metros cuadrados, divididos entre concesionarios y talleres. Estamos ubicados en Elche, Orihuela y Alicante, asegurando de esta manera cubrir las necesidades de toda la provincia. [&hellip;]<\/p>\n","protected":false},"author":1,"featured_media":0,"parent":0,"menu_order":0,"comment_status":"closed","ping_status":"closed","template":"","meta":{"inline_featured_image":false,"footnotes":""},"class_list":["post-1766","page","type-page","status-publish","hentry"],"_links":{"self":[{"href":"https:\/\/gparedes.gurumk.com\/index.php?rest_route=\/wp\/v2\/pages\/1766","targetHints":{"allow":["GET"]}}],"collection":[{"href":"https:\/\/gparedes.gurumk.com\/index.php?rest_route=\/wp\/v2\/pages"}],"about":[{"href":"https:\/\/gparedes.gurumk.com\/index.php?rest_route=\/wp\/v2\/types\/page"}],"author":[{"embeddable":true,"href":"https:\/\/gparedes.gurumk.com\/index.php?rest_route=\/wp\/v2\/users\/1"}],"replies":[{"embeddable":true,"href":"https:\/\/gparedes.gurumk.com\/index.php?rest_route=%2Fwp%2Fv2%2Fcomments&post=1766"}],"version-history":[{"count":52,"href":"https:\/\/gparedes.gurumk.com\/index.php?rest_route=\/wp\/v2\/pages\/1766\/revisions"}],"predecessor-version":[{"id":3389,"href":"https:\/\/gparedes.gurumk.com\/index.php?rest_route=\/wp\/v2\/pages\/1766\/revisions\/3389"}],"wp:attachment":[{"href":"https:\/\/gparedes.gurumk.com\/index.php?rest_route=%2Fwp%2Fv2%2Fmedia&parent=1766"}],"curies":[{"name":"wp","href":"https:\/\/api.w.org\/{rel}","templated":true}]}}