{"id":3216,"date":"2023-04-18T14:32:06","date_gmt":"2023-04-18T14:32:06","guid":{"rendered":"https:\/\/gparedes.gurumk.com\/?page_id=3216"},"modified":"2023-06-20T07:06:26","modified_gmt":"2023-06-20T07:06:26","slug":"ssangyong","status":"publish","type":"page","link":"https:\/\/gparedes.gurumk.com\/?page_id=3216","title":{"rendered":"Ssangyong"},"content":{"rendered":"<section class=\"wpb-content-wrapper\"><p>[vc_row full_width=\u00bbstretch_row\u00bb pix_padding_top=\u00bbpadding M\u00bb pix_padding_bottom=\u00bbpadding M\u00bb ptextcolor=\u00bbBlack\u00bb gradient_colors=\u00bb%5B%7B%7D%5D\u00bb css=\u00bb.vc_custom_1681812632432{background-color: #f4f4f4 !important;}\u00bb][vc_column width=\u00bb1\/2&#8243;][vc_empty_space height=\u00bb60px\u00bb][common_title title=\u00bbT\u00edvoli\u00bb padding=\u00bboff\u00bb position=\u00bbtext-left\u00bb show_decor=\u00bboff\u00bb css=\u00bb.vc_custom_1687244649251{margin-right: 30px !important;margin-left: 30px !important;}\u00bb]Si amas los crossovers de dise\u00f1o, si eres fan\u00e1tico del estilo y de las nuevas tecnolog\u00edas, si valoras la habitabilidad, los detalles y los acabados de calidad, si est\u00e1s comprometido con el medioambiente, si te seduce conducir un aut\u00e9ntico crossover que reafirme tu esp\u00edritu libre. Conoce el nuevo SsangYong T\u00edvoli.<\/p>\n<h6><em><a href=\"https:\/\/www.ssangyong.es\/tivoli\">VER CARACTER\u00cdSTICAS<\/a><\/em><\/h6>\n<p>[\/common_title][vc_empty_space height=\u00bb20px\u00bb][vc_btn title=\u00bbSolicita una prueba\u00bb style=\u00bboutline-custom\u00bb outline_custom_color=\u00bb#3d6eac\u00bb outline_custom_hover_background=\u00bb#3d6eac\u00bb outline_custom_hover_text=\u00bb#ffffff\u00bb css=\u00bb.vc_custom_1681823131530{margin-left: 30px !important;}\u00bb][\/vc_column][vc_column width=\u00bb1\/2&#8243;][vc_single_image image=\u00bb3238&#8243; img_size=\u00bblarge\u00bb][\/vc_column][\/vc_row][vc_row full_width=\u00bbstretch_row\u00bb pix_padding_top=\u00bbpadding M\u00bb pix_padding_bottom=\u00bbpadding M\u00bb ptextcolor=\u00bbBlack\u00bb gradient_colors=\u00bb%5B%7B%7D%5D\u00bb css=\u00bb.vc_custom_1681812643026{background-color: #ffffff !important;}\u00bb][vc_column width=\u00bb1\/2&#8243;][vc_single_image image=\u00bb3242&#8243; img_size=\u00bblarge\u00bb][\/vc_column][vc_column width=\u00bb1\/2&#8243;][vc_empty_space height=\u00bb60px\u00bb][common_title title=\u00bbT\u00edvoli Grand\u00bb padding=\u00bboff\u00bb position=\u00bbtext-left\u00bb show_decor=\u00bboff\u00bb css=\u00bb.vc_custom_1687244678059{margin-right: 30px !important;margin-left: 30px !important;}\u00bb]<span class=\"fo\">Hay mucha vida en el interior del nuevo T\u00edvoli Grand. El SUV de \u00faltima generaci\u00f3n que va un paso m\u00e1s all\u00e1 en capacidad interior. Un veh\u00edculo familiar en el que el placer de la conducci\u00f3n, se une al estilo, para conquistar la ciudad y cualquier otro destino de la forma m\u00e1s confortable.<\/span><\/p>\n<h6><a href=\"https:\/\/www.ssangyong.es\/tivoli-grand\"><em>VER CARACTER\u00cdSTICAS<\/em><\/a><\/h6>\n<p>[\/common_title][vc_empty_space height=\u00bb20px\u00bb][vc_btn title=\u00bbSolicita una prueba\u00bb style=\u00bboutline-custom\u00bb outline_custom_color=\u00bb#3d6eac\u00bb outline_custom_hover_background=\u00bb#3d6eac\u00bb outline_custom_hover_text=\u00bb#ffffff\u00bb css=\u00bb.vc_custom_1681823030288{margin-left: 30px !important;}\u00bb][\/vc_column][\/vc_row][vc_row full_width=\u00bbstretch_row\u00bb pix_padding_top=\u00bbpadding M\u00bb pix_padding_bottom=\u00bbpadding M\u00bb ptextcolor=\u00bbBlack\u00bb gradient_colors=\u00bb%5B%7B%7D%5D\u00bb css=\u00bb.vc_custom_1681812632432{background-color: #f4f4f4 !important;}\u00bb][vc_column width=\u00bb1\/2&#8243;][vc_empty_space height=\u00bb60px\u00bb][common_title title=\u00bbKorando\u00bb padding=\u00bboff\u00bb position=\u00bbtext-left\u00bb show_decor=\u00bboff\u00bb css=\u00bb.vc_custom_1687244707693{margin-right: 30px !important;margin-left: 30px !important;}\u00bb]El equilibrio perfecto entre confort y eficiencia. Un aut\u00e9ntico crossover que combina las mejores cualidades de un SUV y un sed\u00e1n. Con innovadores sistemas de seguridad que te har\u00e1n sentir seguro al volante. Descubre su elegancia y precisi\u00f3n en cada detalle.<\/p>\n<h6><a href=\"https:\/\/www.ssangyong.es\/korando\"><em>VER CARACTER\u00cdSTICAS<\/em><\/a><\/h6>\n<p>[\/common_title][vc_empty_space height=\u00bb20px\u00bb][vc_btn title=\u00bbSolicita una prueba\u00bb style=\u00bboutline-custom\u00bb outline_custom_color=\u00bb#3d6eac\u00bb outline_custom_hover_background=\u00bb#3d6eac\u00bb outline_custom_hover_text=\u00bb#ffffff\u00bb css=\u00bb.vc_custom_1681822958833{margin-left: 30px !important;}\u00bb][\/vc_column][vc_column width=\u00bb1\/2&#8243;][vc_single_image image=\u00bb3239&#8243; img_size=\u00bblarge\u00bb][\/vc_column][\/vc_row][vc_row full_width=\u00bbstretch_row\u00bb pix_padding_top=\u00bbpadding M\u00bb pix_padding_bottom=\u00bbpadding M\u00bb ptextcolor=\u00bbBlack\u00bb gradient_colors=\u00bb%5B%7B%7D%5D\u00bb css=\u00bb.vc_custom_1681812643026{background-color: #ffffff !important;}\u00bb][vc_column width=\u00bb1\/2&#8243;][vc_single_image image=\u00bb3241&#8243; img_size=\u00bblarge\u00bb][\/vc_column][vc_column width=\u00bb1\/2&#8243;][common_title title=\u00bbRexton\u00bb padding=\u00bboff\u00bb position=\u00bbtext-left\u00bb show_decor=\u00bboff\u00bb css=\u00bb.vc_custom_1687244743014{margin-right: 30px !important;margin-left: 30px !important;}\u00bb]El nuevo Rexton es un SUV cuidadosamente renovado. Su elegante dise\u00f1o esconde una avanzada ingenier\u00eda y tecnolog\u00eda de vanguardia. Ofrece una conducci\u00f3n confortable y segura sobre cualquier terreno. Y el interior, sofisticado y lujoso, te transportar\u00e1 a nuevas cotas de comodidad, seguridad y conectividad, gracias a su extraordinaria amplitud y a la incorporaci\u00f3n de las \u00faltimas tecnolog\u00edas y de materiales de la m\u00e1xima calidad.<\/p>\n<h6><em><a href=\"https:\/\/www.ssangyong.es\/rexton\">VER CARACTER\u00cdSTICAS<\/a><\/em><\/h6>\n<p>[\/common_title][vc_empty_space height=\u00bb20px\u00bb][vc_btn title=\u00bbSolicita una prueba\u00bb style=\u00bboutline-custom\u00bb outline_custom_color=\u00bb#3d6eac\u00bb outline_custom_hover_background=\u00bb#3d6eac\u00bb outline_custom_hover_text=\u00bb#ffffff\u00bb css=\u00bb.vc_custom_1681822886671{margin-left: 30px !important;}\u00bb][\/vc_column][\/vc_row][vc_row full_width=\u00bbstretch_row\u00bb pix_padding_top=\u00bbpadding M\u00bb pix_padding_bottom=\u00bbpadding M\u00bb ptextcolor=\u00bbBlack\u00bb gradient_colors=\u00bb%5B%7B%7D%5D\u00bb css=\u00bb.vc_custom_1681812632432{background-color: #f4f4f4 !important;}\u00bb][vc_column width=\u00bb1\/2&#8243;][vc_empty_space height=\u00bb60px\u00bb][common_title title=\u00bbMusso\u00bb padding=\u00bboff\u00bb position=\u00bbtext-left\u00bb show_decor=\u00bboff\u00bb css=\u00bb.vc_custom_1687244767919{margin-right: 30px !important;margin-left: 30px !important;}\u00bb]Apto para vidas todoterreno.<br \/>\nUn aut\u00e9ntico pick-up 4&#215;4\u00a0con la mayor capacidad de su categor\u00eda adem\u00e1s de una tracci\u00f3n integral conectable. Una declaraci\u00f3n de intenciones, se mire por donde se mire.<br \/>\nDescubre su dise\u00f1o y prestaciones imbatibles.<\/p>\n<h6><a href=\"https:\/\/www.ssangyong.es\/musso\"><em>VER CARACTER\u00cdSTICAS<\/em><\/a><\/h6>\n<p>[\/common_title][vc_empty_space height=\u00bb20px\u00bb][vc_btn title=\u00bbSolicita una prueba\u00bb style=\u00bboutline-custom\u00bb outline_custom_color=\u00bb#3d6eac\u00bb outline_custom_hover_background=\u00bb#3d6eac\u00bb outline_custom_hover_text=\u00bb#ffffff\u00bb css=\u00bb.vc_custom_1681822958833{margin-left: 30px !important;}\u00bb][\/vc_column][vc_column width=\u00bb1\/2&#8243;][vc_single_image image=\u00bb3240&#8243; img_size=\u00bblarge\u00bb][\/vc_column][\/vc_row]<\/p>\n<\/section>","protected":false},"excerpt":{"rendered":"<p>[vc_row full_width=\u00bbstretch_row\u00bb pix_padding_top=\u00bbpadding M\u00bb pix_padding_bottom=\u00bbpadding M\u00bb ptextcolor=\u00bbBlack\u00bb gradient_colors=\u00bb%5B%7B%7D%5D\u00bb css=\u00bb.vc_custom_1681812632432{background-color: #f4f4f4 !important;}\u00bb][vc_column width=\u00bb1\/2&#8243;][vc_empty_space height=\u00bb60px\u00bb][common_title title=\u00bbT\u00edvoli\u00bb padding=\u00bboff\u00bb position=\u00bbtext-left\u00bb show_decor=\u00bboff\u00bb css=\u00bb.vc_custom_1687244649251{margin-right: 30px !important;margin-left: 30px !important;}\u00bb]Si amas los crossovers de dise\u00f1o, si eres fan\u00e1tico del estilo y de las nuevas tecnolog\u00edas, si valoras la habitabilidad, los detalles y los acabados de calidad, si est\u00e1s comprometido con el medioambiente, si [&hellip;]<\/p>\n","protected":false},"author":1,"featured_media":0,"parent":0,"menu_order":0,"comment_status":"closed","ping_status":"closed","template":"","meta":{"inline_featured_image":false,"footnotes":""},"class_list":["post-3216","page","type-page","status-publish","hentry"],"_links":{"self":[{"href":"https:\/\/gparedes.gurumk.com\/index.php?rest_route=\/wp\/v2\/pages\/3216","targetHints":{"allow":["GET"]}}],"collection":[{"href":"https:\/\/gparedes.gurumk.com\/index.php?rest_route=\/wp\/v2\/pages"}],"about":[{"href":"https:\/\/gparedes.gurumk.com\/index.php?rest_route=\/wp\/v2\/types\/page"}],"author":[{"embeddable":true,"href":"https:\/\/gparedes.gurumk.com\/index.php?rest_route=\/wp\/v2\/users\/1"}],"replies":[{"embeddable":true,"href":"https:\/\/gparedes.gurumk.com\/index.php?rest_route=%2Fwp%2Fv2%2Fcomments&post=3216"}],"version-history":[{"count":10,"href":"https:\/\/gparedes.gurumk.com\/index.php?rest_route=\/wp\/v2\/pages\/3216\/revisions"}],"predecessor-version":[{"id":3373,"href":"https:\/\/gparedes.gurumk.com\/index.php?rest_route=\/wp\/v2\/pages\/3216\/revisions\/3373"}],"wp:attachment":[{"href":"https:\/\/gparedes.gurumk.com\/index.php?rest_route=%2Fwp%2Fv2%2Fmedia&parent=3216"}],"curies":[{"name":"wp","href":"https:\/\/api.w.org\/{rel}","templated":true}]}}