{"id":804,"date":"2018-11-17T18:48:06","date_gmt":"2018-11-17T18:48:06","guid":{"rendered":"https:\/\/quattro.true-emotions.studio\/?page_id=804"},"modified":"2023-07-12T09:09:04","modified_gmt":"2023-07-12T09:09:04","slug":"about-us","status":"publish","type":"page","link":"https:\/\/gparedes.gurumk.com\/?page_id=804","title":{"rendered":"Nosotros"},"content":{"rendered":"<section class=\"wpb-content-wrapper\"><p>[vc_row full_width=\u00bbstretch_row\u00bb gap=\u00bb30&#8243; pix_padding_top=\u00bbpadding M\u00bb gradient_colors=\u00bb%5B%7B%7D%5D\u00bb pix_padding=\u00bbpix-padding-both\u00bb][vc_column][common_title title=\u00bbNuestro equipo\u00bb padding=\u00bboff\u00bb show_decor=\u00bboff\u00bb subtitle=\u00bbM\u00e1s de 30 a\u00f1os de experiencia\u00bb title_before=\u00bb\u00bb]<\/p>\n<p class=\"column section-intro\">Grupo Paredes Automoci\u00f3n ha creado un equipo humano de profesionales con una dilatada experiencia y en constante formaci\u00f3n para el asesoramiento y cuidado de su veh\u00edculo. Nuestro equipo de asesores comerciales le aconsejar\u00e1n sobre la mejor elecci\u00f3n de su nuevo veh\u00edculo en funci\u00f3n de sus necesidades. Nuestro equipo de posventa mantendr\u00e1 su veh\u00edculo en perfecto estado.<\/p>\n<p>[\/common_title][\/vc_column][\/vc_row][vc_row full_width=\u00bbstretch_row\u00bb ptextcolor=\u00bbWhite\u00bb gradient_colors=\u00bb%5B%7B%7D%5D\u00bb css=\u00bb.vc_custom_1681987549445{background-image: url(https:\/\/gparedes.gurumk.com\/wp-content\/uploads\/revslider\/home-7\/r21.jpg?id=3073) !important;background-position: center !important;background-repeat: no-repeat !important;background-size: cover !important;}\u00bb][vc_column width=\u00bb1\/2&#8243; gradient_colors=\u00bb%5B%7B%7D%5D\u00bb css=\u00bb.vc_custom_1546025656690{padding-right: 25px !important;}\u00bb][common_title title=\u00bbPorque tu tiempo y tu confianza es importante para nosotros\u00bb size=\u00bbpix-s\u00bb padding=\u00bboff\u00bb position=\u00bbtext-left\u00bb show_decor=\u00bboff\u00bb subtitle=\u00bbNuestro valor real\u00bb color=\u00bbwhite-heading\u00bb][\/common_title][vc_single_image image=\u00bb3334&#8243; img_size=\u00bbfull\u00bb][\/vc_column][vc_column width=\u00bb1\/2&#8243; gradient_colors=\u00bb%5B%7B%7D%5D\u00bb][vc_row_inner gap=\u00bb15&#8243; ptextcolor=\u00bbWhite\u00bb gradient_colors=\u00bb%5B%7B%7D%5D\u00bb][vc_column_inner][vc_empty_space height=\u00bb30px\u00bb][common_icon_box style=\u00bbpix-ibox-top\u00bb icon_size=\u00bbpix-icon-s\u00bb title=\u00bbTenemos lo que necesitas\u00bb]Especializaci\u00f3n, calidad, cuidado y atenci\u00f3n al cliente, porque nuestro lema es \u00abCuidar la calidad para que los clientes est\u00e9n satisfechos\u00bb.[\/common_icon_box][common_icon_box style=\u00bbpix-ibox-top\u00bb icon_size=\u00bbpix-icon-s\u00bb title=\u00bbVisita nuestras instalaciones\u00bb css=\u00bb.vc_custom_1681987937176{margin-top: -70px !important;margin-bottom: 10px !important;border-top-width: -40px !important;padding-top: -40px !important;}\u00bb]Ponemos a disposici\u00f3n de nuestros clientes unas amplias instalaciones de m\u00e1s de 14 mil metros cuadrados que, siguiendo nuestra filosof\u00eda, est\u00e1n en constante mejora e innovaci\u00f3n.[\/common_icon_box][\/vc_column_inner][\/vc_row_inner][\/vc_column][\/vc_row][vc_row full_width=\u00bbstretch_row\u00bb pix_padding_top=\u00bbpadding M\u00bb pix_padding_bottom=\u00bbpadding No\u00bb ptextcolor=\u00bbBlack\u00bb gradient_colors=\u00bb%5B%7B%7D%5D\u00bb awb_type=\u00bbcolor\u00bb awb_stretch=\u00bb1&#8243; awb_color=\u00bb#f7f7f7&#8243;][vc_column width=\u00bb1\/3&#8243; gradient_colors=\u00bb%5B%7B%7D%5D\u00bb css=\u00bb.vc_custom_1546025861830{padding-right: 25px !important;}\u00bb][common_icon_box style=\u00bbpix-ibox-top\u00bb position_with_center=\u00bbpix-text-center\u00bb icon_size=\u00bbpix-icon-s\u00bb title=\u00bbSERVICIO INTEGRAL\u00bb]Oferta de financiaci\u00f3n y coste de tu seguro personalizada a tus necesidades.[\/common_icon_box][\/vc_column][vc_column width=\u00bb1\/3&#8243; gradient_colors=\u00bb%5B%7B%7D%5D\u00bb css=\u00bb.vc_custom_1546025881106{padding-right: 25px !important;padding-left: 25px !important;}\u00bb][common_icon_box style=\u00bbpix-ibox-top\u00bb position_with_center=\u00bbpix-text-center\u00bb icon_size=\u00bbpix-icon-s\u00bb title=\u00bbLLAVE EN MANO\u00bb]Nuestros precios incluyen gastos de gesti\u00f3n, preentrega y transferencia[\/common_icon_box][\/vc_column][vc_column width=\u00bb1\/3&#8243; gradient_colors=\u00bb%5B%7B%7D%5D\u00bb css=\u00bb.vc_custom_1546025872127{padding-left: 25px !important;}\u00bb][common_icon_box style=\u00bbpix-ibox-top\u00bb position_with_center=\u00bbpix-text-center\u00bb icon_size=\u00bbpix-icon-s\u00bb title=\u00bbDOCUMENTACI\u00d3N\u00bb]Ponemos a su disposici\u00f3n historial de mantenimiento, documentaci\u00f3n y origen de tu coche de reestreno.[\/common_icon_box][\/vc_column][\/vc_row][vc_row full_width=\u00bbstretch_row\u00bb pix_padding_top=\u00bbpadding No\u00bb pix_padding_bottom=\u00bbpadding M\u00bb ptextcolor=\u00bbBlack\u00bb gradient_colors=\u00bb%5B%7B%7D%5D\u00bb awb_type=\u00bbcolor\u00bb awb_stretch=\u00bb1&#8243; awb_color=\u00bb#f7f7f7&#8243; css=\u00bb.vc_custom_1681987963933{margin-top: -50px !important;}\u00bb][vc_column width=\u00bb1\/3&#8243; gradient_colors=\u00bb%5B%7B%7D%5D\u00bb css=\u00bb.vc_custom_1546025861830{padding-right: 25px !important;}\u00bb][common_icon_box style=\u00bbpix-ibox-top\u00bb position_with_center=\u00bbpix-text-center\u00bb icon_size=\u00bbpix-icon-s\u00bb title=\u00bbCERTIFICADOS\u00bb]Veh\u00edculos revisados y certificados por taller oficial.[\/common_icon_box][\/vc_column][vc_column width=\u00bb1\/3&#8243; gradient_colors=\u00bb%5B%7B%7D%5D\u00bb css=\u00bb.vc_custom_1546025881106{padding-right: 25px !important;padding-left: 25px !important;}\u00bb][common_icon_box style=\u00bbpix-ibox-top\u00bb position_with_center=\u00bbpix-text-center\u00bb icon_size=\u00bbpix-icon-s\u00bb title=\u00bbGARANT\u00cdA OFICIAL\u00bb]Garant\u00eda oficial europea de hasta 24 meses*.[\/common_icon_box][\/vc_column][vc_column width=\u00bb1\/3&#8243; gradient_colors=\u00bb%5B%7B%7D%5D\u00bb css=\u00bb.vc_custom_1546025872127{padding-left: 25px !important;}\u00bb][common_icon_box style=\u00bbpix-ibox-top\u00bb position_with_center=\u00bbpix-text-center\u00bb icon_size=\u00bbpix-icon-s\u00bb title=\u00bbRESERVA TU PRUEBA\u00bb]Prueba de conducci\u00f3n a su disposici\u00f3n.[\/common_icon_box][\/vc_column][\/vc_row][vc_row full_width=\u00bbstretch_row_content_no_spaces\u00bb pix_padding_top=\u00bbpadding No\u00bb pix_padding_bottom=\u00bbpadding No\u00bb ptextcolor=\u00bbBlack\u00bb gradient_colors=\u00bb%5B%7B%7D%5D\u00bb awb_type=\u00bbyt_vm_video\u00bb awb_image_background_position=\u00bb50% 50%\u00bb awb_video=\u00bbhttps:\/\/vimeo.com\/48032046&#8243; awb_video_mobile=\u00bb1&#8243; awb_video_always_play=\u00bb1&#8243; css=\u00bb.vc_custom_1547282595583{background-position: center !important;background-repeat: no-repeat !important;background-size: cover !important;}\u00bb awb_image=\u00bb546&#8243; awb_video_start_time=\u00bb00:14&#8243; awb_video_end_time=\u00bb00:34&#8243;][vc_column gradient_colors=\u00bb%5B%7B%7D%5D\u00bb gradient_opacity=\u00bb0.3&#8243; offset=\u00bbvc_hidden-xs\u00bb][common_video url=\u00bbhttps:\/\/youtu.be\/2sZi1-AsU8I\u00bb color=\u00bb#000000&#8243; video_opacity=\u00bb61&#8243; title=\u00bbOur Video\u00bb height=\u00bb600px\u00bb]duration 1:42[\/common_video][\/vc_column][\/vc_row]<\/p>\n<\/section>","protected":false},"excerpt":{"rendered":"<p>[vc_row full_width=\u00bbstretch_row\u00bb gap=\u00bb30&#8243; pix_padding_top=\u00bbpadding M\u00bb gradient_colors=\u00bb%5B%7B%7D%5D\u00bb pix_padding=\u00bbpix-padding-both\u00bb][vc_column][common_title title=\u00bbNuestro equipo\u00bb padding=\u00bboff\u00bb show_decor=\u00bboff\u00bb subtitle=\u00bbM\u00e1s de 30 a\u00f1os de experiencia\u00bb title_before=\u00bb\u00bb] Grupo Paredes Automoci\u00f3n ha creado un equipo humano de profesionales con una dilatada experiencia y en constante formaci\u00f3n para el asesoramiento y cuidado de su veh\u00edculo. Nuestro equipo de asesores comerciales le aconsejar\u00e1n sobre la mejor elecci\u00f3n [&hellip;]<\/p>\n","protected":false},"author":1,"featured_media":0,"parent":0,"menu_order":0,"comment_status":"closed","ping_status":"closed","template":"","meta":{"inline_featured_image":false,"footnotes":""},"class_list":["post-804","page","type-page","status-publish","hentry"],"_links":{"self":[{"href":"https:\/\/gparedes.gurumk.com\/index.php?rest_route=\/wp\/v2\/pages\/804","targetHints":{"allow":["GET"]}}],"collection":[{"href":"https:\/\/gparedes.gurumk.com\/index.php?rest_route=\/wp\/v2\/pages"}],"about":[{"href":"https:\/\/gparedes.gurumk.com\/index.php?rest_route=\/wp\/v2\/types\/page"}],"author":[{"embeddable":true,"href":"https:\/\/gparedes.gurumk.com\/index.php?rest_route=\/wp\/v2\/users\/1"}],"replies":[{"embeddable":true,"href":"https:\/\/gparedes.gurumk.com\/index.php?rest_route=%2Fwp%2Fv2%2Fcomments&post=804"}],"version-history":[{"count":16,"href":"https:\/\/gparedes.gurumk.com\/index.php?rest_route=\/wp\/v2\/pages\/804\/revisions"}],"predecessor-version":[{"id":3388,"href":"https:\/\/gparedes.gurumk.com\/index.php?rest_route=\/wp\/v2\/pages\/804\/revisions\/3388"}],"wp:attachment":[{"href":"https:\/\/gparedes.gurumk.com\/index.php?rest_route=%2Fwp%2Fv2%2Fmedia&parent=804"}],"curies":[{"name":"wp","href":"https:\/\/api.w.org\/{rel}","templated":true}]}}